{"id":1385,"date":"2022-11-04T09:09:45","date_gmt":"2022-11-04T09:09:45","guid":{"rendered":"https:\/\/lunablanca-films.fr\/?page_id=1385"},"modified":"2023-06-28T14:41:13","modified_gmt":"2023-06-28T14:41:13","slug":"riguardo-a","status":"publish","type":"page","link":"https:\/\/lunablanca-films.fr\/it\/","title":{"rendered":"riguardo a"},"content":{"rendered":"<h3><img fetchpriority=\"high\" decoding=\"async\" class=\"aligncenter size-large wp-image-950\" src=\"https:\/\/lunablanca-films.fr\/wp-content\/uploads\/2023\/06\/TEASER-2.00_04_37_18.Still003-1030x579.jpg\" alt=\"\" width=\"950\" height=\"534\" \/><\/h3>\n<p style=\"text-align: left;\">Dopo un&#8217;infanzia non scolarizzata nelle montagne dei Vosgi, impegnata ad osservare gli animali selvatici, a imparare i nomi degli alberi, delle piante, \u00a0ad ascoltare il silenzio delle foreste, a vivere al ritmo della natura nel corso delle stagioni, Ho studiato cinema e storia a Lione, prima di nutrire le mie conoscenze naturalistiche con esperienze nell&#8217;educazione ambientale e nell&#8217;agricoltura, poi rivolgermi al giornalismo e al documentario.<\/p>\n<p>Attraverso documentari, reportage fotografici e video, cortometraggi o articoli di stampa, trasmetto la mia passione per la natura, per il vivere nel suo insieme, per risvegliare la bellezza e la fragilit\u00e0 della biodiversit\u00e0.<\/p>\n<p>Interrogo le sfide ambientali di oggi, tra cui la perdita di fertilit\u00e0 del nostro suolo, le devastazioni del turismo di massa sugli ecosistemi vulnerabili, \u00a0lo sviluppo di un&#8217;agricoltura contadina virtuosa, la co-dimora dei grandi predatori selvaggi con gli uomini&#8230;<\/p>\n<p>Viaggiatrice e curiosa, dai miei viaggi riporto ritratti di uomini e donne ispiratori, impegnati in stili di vita e di lavoro sostenibili, umanistici, innovativi o semplicemente portatori di speranza per le generazioni future.<\/p>\n<p>Perch\u00e9 l&#8217;ottimismo \u00e8 pi\u00f9 importante che mai nel nostro contesto economico ed ecologico!<\/p>\n<p style=\"text-align: left;\"><em>\u201cLe r\u00e9el quelquefois d\u00e9salt\u00e8re l&#8217;esp\u00e9rance. C&#8217;est pourquoi, contre toute attente, l&#8217;esp\u00e9rance survit.\u201d <\/em>Ren\u00e9 Char <em><br \/>\n<\/em><\/p>\n<p style=\"text-align: left;\">\n","protected":false},"excerpt":{"rendered":"<p>Dopo un&#8217;infanzia non scolarizzata nelle montagne dei Vosgi, impegnata ad osservare gli animali selvatici, a imparare i nomi degli alberi, delle piante, \u00a0ad ascoltare il &hellip;<\/p>\n","protected":false},"author":1,"featured_media":0,"parent":0,"menu_order":1,"comment_status":"closed","ping_status":"closed","template":"","meta":{"footnotes":""},"class_list":["post-1385","page","type-page","status-publish","hentry"],"featured_media_urls":[],"_links":{"self":[{"href":"https:\/\/lunablanca-films.fr\/it\/wp-json\/wp\/v2\/pages\/1385","targetHints":{"allow":["GET"]}}],"collection":[{"href":"https:\/\/lunablanca-films.fr\/it\/wp-json\/wp\/v2\/pages"}],"about":[{"href":"https:\/\/lunablanca-films.fr\/it\/wp-json\/wp\/v2\/types\/page"}],"author":[{"embeddable":true,"href":"https:\/\/lunablanca-films.fr\/it\/wp-json\/wp\/v2\/users\/1"}],"replies":[{"embeddable":true,"href":"https:\/\/lunablanca-films.fr\/it\/wp-json\/wp\/v2\/comments?post=1385"}],"version-history":[{"count":2,"href":"https:\/\/lunablanca-films.fr\/it\/wp-json\/wp\/v2\/pages\/1385\/revisions"}],"predecessor-version":[{"id":1387,"href":"https:\/\/lunablanca-films.fr\/it\/wp-json\/wp\/v2\/pages\/1385\/revisions\/1387"}],"wp:attachment":[{"href":"https:\/\/lunablanca-films.fr\/it\/wp-json\/wp\/v2\/media?parent=1385"}],"curies":[{"name":"wp","href":"https:\/\/api.w.org\/{rel}","templated":true}]}}