{"id":1281,"date":"2022-11-04T09:04:15","date_gmt":"2022-11-04T09:04:15","guid":{"rendered":"https:\/\/lunablanca-films.fr\/reportages\/"},"modified":"2023-06-28T12:25:13","modified_gmt":"2023-06-28T12:25:13","slug":"reportages","status":"publish","type":"page","link":"https:\/\/lunablanca-films.fr\/it\/reportages\/","title":{"rendered":"Perseveranza"},"content":{"rendered":"<p><img fetchpriority=\"high\" decoding=\"async\" class=\"aligncenter size-full wp-image-916\" src=\"https:\/\/lunablanca-films.fr\/wp-content\/uploads\/2023\/06\/352211805_845843910585199_958808175279784023_n.jpeg\" alt=\"\" width=\"1280\" height=\"720\" \/><\/p>\n<div class=\"DraftEditor-editorContainer__richText\" data-block=\"true\" data-editor=\"btmck\" data-offset-key=\"cpn9o-0-0\">\n<div data-offset-key=\"cpn9o-0-0\">\n<p>Documentario franco-italiano girato nelle Cinque Terre (Italia, costa della Liguria), cinque piccoli borghi sul fianco della collina di una fragile bellezza, dichiarate Patrimonio mondiale dell\u2019Umanit\u00e0 dal&#8217;Unesco.<\/p>\n<div>Un sito modellato dal\u2019uomo nell\u2019corso del tempo, che ha costruito con pazienza e tenacit\u00e0 terrazze agricole che sostengono il paesaggio, oggi molto minacciato dai rischi di erosione legate al cambiamento climatico e al declino dell\u2019agricoltura.<\/div>\n<div><\/div>\n<div>\n<div>Purtroppo, invaso da un turismo di massa diventato problematico, il territorio ha bisogno di vedere rinascere la sua cultura locale, un&#8217;agricoltura virtuosa per i suoli e una pesca sostenibile che si prenda cura degli ecosistemi marini.<\/div>\n<\/div>\n<\/div>\n<\/div>\n<p><img decoding=\"async\" class=\"aligncenter size-full wp-image-961\" src=\"https:\/\/lunablanca-films.fr\/wp-content\/uploads\/2023\/06\/347237796_2290806281121208_4296769929750553997_n.jpg\" alt=\"\" width=\"1920\" height=\"1080\" \/><\/p>\n<div class=\"DraftEditor-editorContainer__richText\" data-block=\"true\" data-editor=\"btmck\" data-offset-key=\"cpn9o-0-0\">\n<div data-offset-key=\"cpn9o-0-0\">\n<div>\n<div><em><strong>Perseveranza<\/strong><\/em> \u00e8 il ritratto di una coppia di viticoltori, Adeline e Riccardo, che con forza e coraggio hanno deciso di salvaguardare antiche variet\u00e0 di vite e fare rinascere le terrazze di coltivazione abbandonate. Hanno delle pratiche colturali in bio e biodinamica e ripristinano i suoli. Sono di ispirazione sia nella loro forza di lavoro che nel loro legame con la natura. Illustrano tutta la difficolt\u00e0 di un impianto agricolo in un&#8217;epoca in cui non abbiamo mai avuto tanto bisogno di un&#8217;agricoltura contadina che restauri i nostri eco sistemi.<\/div>\n<div><\/div>\n<div><em><strong>Perseveranza<\/strong><\/em>, sono anche due pescatori, Lorenzo biologo marino e Guido pescatore e orticoltore, che insieme hanno creato la prima impresa di pesca sostenibile, promuovendo i circuiti corti e la sensibilizzazione alla conservazione degli ecosistemi marini.<\/div>\n<div><\/div>\n<div>Nel corso delle stagioni, li seguiamo nei loro progetti, nelle loro difficolt\u00e0 e nei loro progressi, sgranando nel tempo soluzioni sostenibili, riproducibili e che possano essere di stimolo per altri territori che vivono le stesse fide.<\/div>\n<\/div>\n<\/div>\n<\/div>\n<div class=\"DraftEditor-editorContainer__richText\" data-block=\"true\" data-editor=\"btmck\" data-offset-key=\"5n6n0-0-0\"><\/div>\n<div data-block=\"true\" data-editor=\"btmck\" data-offset-key=\"5n6n0-0-0\">Un film per riflettere sul nostro legame con la natura, su come prendercene cura, ma anche sui nostri modi di viaggiare e consumare.<\/div>\n<p><img decoding=\"async\" class=\"aligncenter size-full wp-image-963\" src=\"https:\/\/lunablanca-films.fr\/wp-content\/uploads\/2023\/06\/352403731_212648738323957_5896479296019526422_n.jpg\" alt=\"\" width=\"1920\" height=\"1080\" \/><\/p>\n<p>&nbsp;<\/p>\n<div class=\"DraftEditor-editorContainer__richText\" data-block=\"true\" data-editor=\"btmck\" data-offset-key=\"cpn9o-0-0\">\n<div data-offset-key=\"cpn9o-0-0\"><img loading=\"lazy\" decoding=\"async\" class=\"aligncenter size-full wp-image-962\" src=\"https:\/\/lunablanca-films.fr\/wp-content\/uploads\/2023\/06\/352360486_213990564850323_3211688843481038256_n.jpg\" alt=\"\" width=\"1920\" height=\"1080\" \/><\/div>\n<div data-offset-key=\"cpn9o-0-0\"><\/div>\n<\/div>\n<div data-block=\"true\" data-editor=\"btmck\" data-offset-key=\"5n6n0-0-0\"><\/div>\n<p>&nbsp;<\/p>\n<p><img loading=\"lazy\" decoding=\"async\" class=\"aligncenter size-full wp-image-926\" src=\"https:\/\/lunablanca-films.fr\/wp-content\/uploads\/2023\/06\/352096260_1480507216024787_7419699434451990924_n-1.jpeg\" alt=\"\" width=\"1280\" height=\"720\" \/><\/p>\n<p>&nbsp;<\/p>\n<p>Ecriture, r\u00e9alisation et images : C\u00e9line Beauquel<\/p>\n<p>Assistante interpr\u00e8te et journaliste : Fr\u00e9d\u00e9rique Basset<\/p>\n<p>Relecture et interventions scientifiques : Marc-Andr\u00e9 Selosse<\/p>\n<p>Ing\u00e9nieur du son et voix off : Eric Maugerard.<\/p>\n<p><a href=\"https:\/\/www.helloasso.com\/associations\/unisterre\"><img loading=\"lazy\" decoding=\"async\" class=\"aligncenter size-full wp-image-965\" src=\"https:\/\/lunablanca-films.fr\/wp-content\/uploads\/2023\/06\/353673077_2290805967787906_3251235186199318492_n.jpg\" alt=\"\" width=\"1920\" height=\"1080\" \/><\/a><\/p>\n<p>&nbsp;<\/p>\n<p><img loading=\"lazy\" decoding=\"async\" class=\"aligncenter size-full wp-image-966\" src=\"https:\/\/lunablanca-films.fr\/wp-content\/uploads\/2023\/06\/353679789_2290806374454532_5340401156692936665_n.jpg\" alt=\"\" width=\"1920\" height=\"1080\" \/><\/p>\n<p>Vous pouvez soutenir la cr\u00e9ation du film en adh\u00e9rant \u00e0 l&#8217;association <a href=\"https:\/\/www.helloasso.com\/associations\/unisterre\">Unisterre.\u00a0<\/a><\/p>\n","protected":false},"excerpt":{"rendered":"<p>Documentario franco-italiano girato nelle Cinque Terre (Italia, costa della Liguria), cinque piccoli borghi sul fianco della collina di una fragile bellezza, dichiarate Patrimonio mondiale dell\u2019Umanit\u00e0 &hellip;<\/p>\n","protected":false},"author":3,"featured_media":2014,"parent":0,"menu_order":0,"comment_status":"closed","ping_status":"closed","template":"","meta":{"footnotes":""},"class_list":["post-1281","page","type-page","status-publish","has-post-thumbnail","hentry"],"featured_media_urls":{"thumbnail":["https:\/\/lunablanca-films.fr\/wp-content\/uploads\/2025\/09\/corniglia-la-belle.06_58_54_06.Still002-120x63.jpg",120,63,true],"medium":["https:\/\/lunablanca-films.fr\/wp-content\/uploads\/2025\/09\/corniglia-la-belle.06_58_54_06.Still002-300x158.jpg",300,158,true],"medium_large":["https:\/\/lunablanca-films.fr\/wp-content\/uploads\/2025\/09\/corniglia-la-belle.06_58_54_06.Still002-768x405.jpg",768,405,true],"large":["https:\/\/lunablanca-films.fr\/wp-content\/uploads\/2025\/09\/corniglia-la-belle.06_58_54_06.Still002-1030x543.jpg",1030,543,true],"1536x1536":["https:\/\/lunablanca-films.fr\/wp-content\/uploads\/2025\/09\/corniglia-la-belle.06_58_54_06.Still002-1536x810.jpg",1536,810,true],"2048x2048":["https:\/\/lunablanca-films.fr\/wp-content\/uploads\/2025\/09\/corniglia-la-belle.06_58_54_06.Still002-2048x1080.jpg",2048,1080,true],"post-thumbnail":["https:\/\/lunablanca-films.fr\/wp-content\/uploads\/2025\/09\/corniglia-la-belle.06_58_54_06.Still002-421x222.jpg",421,222,true],"bravada-featured":["https:\/\/lunablanca-films.fr\/wp-content\/uploads\/2025\/09\/corniglia-la-belle.06_58_54_06.Still002-421x300.jpg",421,300,true],"bravada-featured-lp":["https:\/\/lunablanca-films.fr\/wp-content\/uploads\/2025\/09\/corniglia-la-belle.06_58_54_06.Still002-620x300.jpg",620,300,true],"bravada-featured-half":["https:\/\/lunablanca-films.fr\/wp-content\/uploads\/2025\/09\/corniglia-la-belle.06_58_54_06.Still002-800x300.jpg",800,300,true],"bravada-featured-third":["https:\/\/lunablanca-films.fr\/wp-content\/uploads\/2025\/09\/corniglia-la-belle.06_58_54_06.Still002-512x300.jpg",512,300,true],"bravada-lpbox-1":["https:\/\/lunablanca-films.fr\/wp-content\/uploads\/2025\/09\/corniglia-la-belle.06_58_54_06.Still002-310x250.jpg",310,250,true],"bravada-lpbox-2":["https:\/\/lunablanca-films.fr\/wp-content\/uploads\/2025\/09\/corniglia-la-belle.06_58_54_06.Still002-413x300.jpg",413,300,true],"portfolio_item-thumbnail":["https:\/\/lunablanca-films.fr\/wp-content\/uploads\/2025\/09\/corniglia-la-belle.06_58_54_06.Still002-600x400.jpg",600,400,true],"portfolio_item-thumbnail@2x":["https:\/\/lunablanca-films.fr\/wp-content\/uploads\/2025\/09\/corniglia-la-belle.06_58_54_06.Still002-scaled.jpg",1200,633,false],"portfolio_item-masonry":["https:\/\/lunablanca-films.fr\/wp-content\/uploads\/2025\/09\/corniglia-la-belle.06_58_54_06.Still002-scaled.jpg",600,316,false],"portfolio_item-masonry@2x":["https:\/\/lunablanca-films.fr\/wp-content\/uploads\/2025\/09\/corniglia-la-belle.06_58_54_06.Still002-scaled.jpg",1200,633,false],"portfolio_item-thumbnail_cinema":["https:\/\/lunablanca-films.fr\/wp-content\/uploads\/2025\/09\/corniglia-la-belle.06_58_54_06.Still002-scaled.jpg",635,335,false],"portfolio_item-thumbnail_portrait":["https:\/\/lunablanca-films.fr\/wp-content\/uploads\/2025\/09\/corniglia-la-belle.06_58_54_06.Still002-scaled.jpg",600,316,false],"portfolio_item-thumbnail_portrait@2x":["https:\/\/lunablanca-films.fr\/wp-content\/uploads\/2025\/09\/corniglia-la-belle.06_58_54_06.Still002-scaled.jpg",1200,633,false],"portfolio_item-thumbnail_square":["https:\/\/lunablanca-films.fr\/wp-content\/uploads\/2025\/09\/corniglia-la-belle.06_58_54_06.Still002-scaled.jpg",800,422,false]},"_links":{"self":[{"href":"https:\/\/lunablanca-films.fr\/it\/wp-json\/wp\/v2\/pages\/1281","targetHints":{"allow":["GET"]}}],"collection":[{"href":"https:\/\/lunablanca-films.fr\/it\/wp-json\/wp\/v2\/pages"}],"about":[{"href":"https:\/\/lunablanca-films.fr\/it\/wp-json\/wp\/v2\/types\/page"}],"author":[{"embeddable":true,"href":"https:\/\/lunablanca-films.fr\/it\/wp-json\/wp\/v2\/users\/3"}],"replies":[{"embeddable":true,"href":"https:\/\/lunablanca-films.fr\/it\/wp-json\/wp\/v2\/comments?post=1281"}],"version-history":[{"count":2,"href":"https:\/\/lunablanca-films.fr\/it\/wp-json\/wp\/v2\/pages\/1281\/revisions"}],"predecessor-version":[{"id":1381,"href":"https:\/\/lunablanca-films.fr\/it\/wp-json\/wp\/v2\/pages\/1281\/revisions\/1381"}],"wp:featuredmedia":[{"embeddable":true,"href":"https:\/\/lunablanca-films.fr\/it\/wp-json\/wp\/v2\/media\/2014"}],"wp:attachment":[{"href":"https:\/\/lunablanca-films.fr\/it\/wp-json\/wp\/v2\/media?parent=1281"}],"curies":[{"name":"wp","href":"https:\/\/api.w.org\/{rel}","templated":true}]}}