{"id":1178,"date":"2022-11-04T09:04:15","date_gmt":"2022-11-04T09:04:15","guid":{"rendered":"https:\/\/lunablanca-films.fr\/reportages\/"},"modified":"2023-06-28T12:23:53","modified_gmt":"2023-06-28T12:23:53","slug":"reportages","status":"publish","type":"page","link":"https:\/\/lunablanca-films.fr\/en\/reportages\/","title":{"rendered":"Perseveranza"},"content":{"rendered":"<p><img fetchpriority=\"high\" decoding=\"async\" class=\"aligncenter size-full wp-image-916\" src=\"https:\/\/lunablanca-films.fr\/wp-content\/uploads\/2023\/06\/352211805_845843910585199_958808175279784023_n.jpeg\" alt=\"\" width=\"1280\" height=\"720\" \/><\/p>\n<div>A franco-italian documentary filmed\u00a0 along the ligurian cost of Italy, in the &#8220;Cinque Terre&#8221;, a group\u00a0 of 5 small villages of fragile beauty, perched on the hillside and listed as a UNESCO world heritage site.<\/div>\n<div><\/div>\n<div>A site shaped\u00a0 over time by the local people who have patiently\u00a0 and tenaciously built,\u00a0 stone by stone, cultivation terraces\u00a0 that are now under serious threat\u00a0 from erosion linked to climate\u00a0 change and the decline in agriculture.<\/div>\n<div><\/div>\n<div>Unfortunately mass tourism has also become a problem\u00a0 for this\u00a0 area which needs to see\u00a0 the revival of local agriculture-farming that is good\u00a0 for the soil\u00a0 and sustainable\u00a0 fishing that takes care of marine ecosystems.<\/div>\n<p><img decoding=\"async\" class=\"aligncenter size-full wp-image-961\" src=\"https:\/\/lunablanca-films.fr\/wp-content\/uploads\/2023\/06\/347237796_2290806281121208_4296769929750553997_n.jpg\" alt=\"\" width=\"1920\" height=\"1080\" \/><\/p>\n<div><em><strong>PERSEVERANZA<\/strong><\/em> : it&#8217;s the portrait of a couple of winegrowers, Adeline\u00a0 and Ricardo, who, with strength and courage,\u00a0 have decided\u00a0 to safeguard ancient\u00a0 varieties of vines and revive abandonned terraces by favouring orgenic\u00a0 and biodynamic growing practices and soil regeneration.<\/div>\n<div>Inspiring as much for their hardwork\u00a0 as for their connection with nature, they illustrate just how difficult it is to set up a farm\u00a0 at a time when we have never had\u00a0 such a need\u00a0 for small-scale farming to restore our ecosystems.<\/div>\n<div><\/div>\n<div><em><strong>PERSEVERANZA<\/strong><\/em> : it\u2019s also Lorenzo and Guido,\u00a0 one a marine biologist, the other\u00a0 a market gardener and fisherman,\u00a0 who together set up\u00a0 the first\u00a0 sustainable fishing\u00a0 company,\u00a0 promoting short circuits\u00a0 and raising awareness\u00a0 of the need to preserve\u00a0 marine ecosystems.<\/div>\n<div><\/div>\n<div>Over the course of the seasons,\u00a0 we follow them through their projects, their difficulties and their progress,\u00a0 gleaning sustainable, replicable\u00a0 and inspiring\u00a0 solutions for other areas facing the same challenges.<\/div>\n<div>A film to get us thinking about our\u00a0 relationship with nature and how we can take\u00a0 care of it, but also about the way we travel and consume.<\/div>\n<p><img decoding=\"async\" class=\"aligncenter size-full wp-image-963\" src=\"https:\/\/lunablanca-films.fr\/wp-content\/uploads\/2023\/06\/352403731_212648738323957_5896479296019526422_n.jpg\" alt=\"\" width=\"1920\" height=\"1080\" \/><\/p>\n<p>&nbsp;<\/p>\n<div class=\"DraftEditor-editorContainer__richText\" data-block=\"true\" data-editor=\"btmck\" data-offset-key=\"cpn9o-0-0\">\n<div data-offset-key=\"cpn9o-0-0\"><img loading=\"lazy\" decoding=\"async\" class=\"aligncenter size-full wp-image-962\" src=\"https:\/\/lunablanca-films.fr\/wp-content\/uploads\/2023\/06\/352360486_213990564850323_3211688843481038256_n.jpg\" alt=\"\" width=\"1920\" height=\"1080\" \/><\/div>\n<div data-offset-key=\"cpn9o-0-0\"><\/div>\n<\/div>\n<div data-block=\"true\" data-editor=\"btmck\" data-offset-key=\"5n6n0-0-0\"><\/div>\n<p>&nbsp;<\/p>\n<p><img loading=\"lazy\" decoding=\"async\" class=\"aligncenter size-full wp-image-926\" src=\"https:\/\/lunablanca-films.fr\/wp-content\/uploads\/2023\/06\/352096260_1480507216024787_7419699434451990924_n-1.jpeg\" alt=\"\" width=\"1280\" height=\"720\" \/><\/p>\n<p>&nbsp;<\/p>\n<p>Ecriture, r\u00e9alisation et images : C\u00e9line Beauquel<\/p>\n<p>Assistante interpr\u00e8te et journaliste : Fr\u00e9d\u00e9rique Basset<\/p>\n<p>Relecture et interventions scientifiques : Marc-Andr\u00e9 Selosse<\/p>\n<p>Ing\u00e9nieur du son et voix off : Eric Maugerard.<\/p>\n<p><a href=\"https:\/\/www.helloasso.com\/associations\/unisterre\"><img loading=\"lazy\" decoding=\"async\" class=\"aligncenter size-full wp-image-965\" src=\"https:\/\/lunablanca-films.fr\/wp-content\/uploads\/2023\/06\/353673077_2290805967787906_3251235186199318492_n.jpg\" alt=\"\" width=\"1920\" height=\"1080\" \/><\/a><\/p>\n<p>&nbsp;<\/p>\n<p><img loading=\"lazy\" decoding=\"async\" class=\"aligncenter size-full wp-image-966\" src=\"https:\/\/lunablanca-films.fr\/wp-content\/uploads\/2023\/06\/353679789_2290806374454532_5340401156692936665_n.jpg\" alt=\"\" width=\"1920\" height=\"1080\" \/><\/p>\n<p>Vous pouvez soutenir la cr\u00e9ation du film en adh\u00e9rant \u00e0 l&#8217;association <a href=\"https:\/\/www.helloasso.com\/associations\/unisterre\">Unisterre.\u00a0<\/a><\/p>\n","protected":false},"excerpt":{"rendered":"<p>A franco-italian documentary filmed\u00a0 along the ligurian cost of Italy, in the &#8220;Cinque Terre&#8221;, a group\u00a0 of 5 small villages of fragile beauty, perched on &hellip;<\/p>\n","protected":false},"author":3,"featured_media":2013,"parent":0,"menu_order":0,"comment_status":"closed","ping_status":"closed","template":"","meta":{"footnotes":""},"class_list":["post-1178","page","type-page","status-publish","has-post-thumbnail","hentry"],"featured_media_urls":{"thumbnail":["https:\/\/lunablanca-films.fr\/wp-content\/uploads\/2025\/09\/corniglia-la-belle.06_58_54_06.Still002-120x63.jpg",120,63,true],"medium":["https:\/\/lunablanca-films.fr\/wp-content\/uploads\/2025\/09\/corniglia-la-belle.06_58_54_06.Still002-300x158.jpg",300,158,true],"medium_large":["https:\/\/lunablanca-films.fr\/wp-content\/uploads\/2025\/09\/corniglia-la-belle.06_58_54_06.Still002-768x405.jpg",768,405,true],"large":["https:\/\/lunablanca-films.fr\/wp-content\/uploads\/2025\/09\/corniglia-la-belle.06_58_54_06.Still002-1030x543.jpg",1030,543,true],"1536x1536":["https:\/\/lunablanca-films.fr\/wp-content\/uploads\/2025\/09\/corniglia-la-belle.06_58_54_06.Still002-1536x810.jpg",1536,810,true],"2048x2048":["https:\/\/lunablanca-films.fr\/wp-content\/uploads\/2025\/09\/corniglia-la-belle.06_58_54_06.Still002-2048x1080.jpg",2048,1080,true],"post-thumbnail":["https:\/\/lunablanca-films.fr\/wp-content\/uploads\/2025\/09\/corniglia-la-belle.06_58_54_06.Still002-421x222.jpg",421,222,true],"bravada-featured":["https:\/\/lunablanca-films.fr\/wp-content\/uploads\/2025\/09\/corniglia-la-belle.06_58_54_06.Still002-421x300.jpg",421,300,true],"bravada-featured-lp":["https:\/\/lunablanca-films.fr\/wp-content\/uploads\/2025\/09\/corniglia-la-belle.06_58_54_06.Still002-620x300.jpg",620,300,true],"bravada-featured-half":["https:\/\/lunablanca-films.fr\/wp-content\/uploads\/2025\/09\/corniglia-la-belle.06_58_54_06.Still002-800x300.jpg",800,300,true],"bravada-featured-third":["https:\/\/lunablanca-films.fr\/wp-content\/uploads\/2025\/09\/corniglia-la-belle.06_58_54_06.Still002-512x300.jpg",512,300,true],"bravada-lpbox-1":["https:\/\/lunablanca-films.fr\/wp-content\/uploads\/2025\/09\/corniglia-la-belle.06_58_54_06.Still002-310x250.jpg",310,250,true],"bravada-lpbox-2":["https:\/\/lunablanca-films.fr\/wp-content\/uploads\/2025\/09\/corniglia-la-belle.06_58_54_06.Still002-413x300.jpg",413,300,true],"portfolio_item-thumbnail":["https:\/\/lunablanca-films.fr\/wp-content\/uploads\/2025\/09\/corniglia-la-belle.06_58_54_06.Still002-600x400.jpg",600,400,true],"portfolio_item-thumbnail@2x":["https:\/\/lunablanca-films.fr\/wp-content\/uploads\/2025\/09\/corniglia-la-belle.06_58_54_06.Still002-scaled.jpg",1200,633,false],"portfolio_item-masonry":["https:\/\/lunablanca-films.fr\/wp-content\/uploads\/2025\/09\/corniglia-la-belle.06_58_54_06.Still002-scaled.jpg",600,316,false],"portfolio_item-masonry@2x":["https:\/\/lunablanca-films.fr\/wp-content\/uploads\/2025\/09\/corniglia-la-belle.06_58_54_06.Still002-scaled.jpg",1200,633,false],"portfolio_item-thumbnail_cinema":["https:\/\/lunablanca-films.fr\/wp-content\/uploads\/2025\/09\/corniglia-la-belle.06_58_54_06.Still002-scaled.jpg",635,335,false],"portfolio_item-thumbnail_portrait":["https:\/\/lunablanca-films.fr\/wp-content\/uploads\/2025\/09\/corniglia-la-belle.06_58_54_06.Still002-scaled.jpg",600,316,false],"portfolio_item-thumbnail_portrait@2x":["https:\/\/lunablanca-films.fr\/wp-content\/uploads\/2025\/09\/corniglia-la-belle.06_58_54_06.Still002-scaled.jpg",1200,633,false],"portfolio_item-thumbnail_square":["https:\/\/lunablanca-films.fr\/wp-content\/uploads\/2025\/09\/corniglia-la-belle.06_58_54_06.Still002-scaled.jpg",800,422,false]},"_links":{"self":[{"href":"https:\/\/lunablanca-films.fr\/en\/wp-json\/wp\/v2\/pages\/1178","targetHints":{"allow":["GET"]}}],"collection":[{"href":"https:\/\/lunablanca-films.fr\/en\/wp-json\/wp\/v2\/pages"}],"about":[{"href":"https:\/\/lunablanca-films.fr\/en\/wp-json\/wp\/v2\/types\/page"}],"author":[{"embeddable":true,"href":"https:\/\/lunablanca-films.fr\/en\/wp-json\/wp\/v2\/users\/3"}],"replies":[{"embeddable":true,"href":"https:\/\/lunablanca-films.fr\/en\/wp-json\/wp\/v2\/comments?post=1178"}],"version-history":[{"count":3,"href":"https:\/\/lunablanca-films.fr\/en\/wp-json\/wp\/v2\/pages\/1178\/revisions"}],"predecessor-version":[{"id":1282,"href":"https:\/\/lunablanca-films.fr\/en\/wp-json\/wp\/v2\/pages\/1178\/revisions\/1282"}],"wp:featuredmedia":[{"embeddable":true,"href":"https:\/\/lunablanca-films.fr\/en\/wp-json\/wp\/v2\/media\/2013"}],"wp:attachment":[{"href":"https:\/\/lunablanca-films.fr\/en\/wp-json\/wp\/v2\/media?parent=1178"}],"curies":[{"name":"wp","href":"https:\/\/api.w.org\/{rel}","templated":true}]}}